{"id":159,"date":"2025-02-14T08:41:49","date_gmt":"2025-02-14T07:41:49","guid":{"rendered":"https:\/\/tarapata.com\/?page_id=159"},"modified":"2025-02-25T11:10:26","modified_gmt":"2025-02-25T10:10:26","slug":"aktualnosci","status":"publish","type":"page","link":"https:\/\/tarapata.com\/en\/aktualnosci\/","title":{"rendered":"News"},"content":{"rendered":"<p><\/p>\n\n\n\n<div class=\"wp-block-columns is-layout-flex wp-container-core-columns-is-layout-9d6595d7 wp-block-columns-is-layout-flex\">\n<div class=\"wp-block-column lmc-pr is-layout-flow wp-block-column-is-layout-flow\"><div class=\"mc-slider mc_banner mc_hero\">\n<div class=\"swiper-slide\"style=\"background-image: url('https:\/\/tarapata.com\/wp-content\/uploads\/2025\/02\/763746fac60ff7884ef2df488a8f9ff5-scaled.jpeg');\">\n                    <div class=\"slide-overlay\"> \n                        <div class=\"mc_red_absolute\">\n                            <div class=\"mc_50 mc_red_bg\">\n                            <\/div>\n                            <div class=\"mc_50\">\n                            <\/div>\n                        <\/div>\n                        <div class=\"slide-content-wrapper\">\n                            <div class=\"slide-title\" style=\"display:flex; justify-content:center\">\n                                <h1>News<\/h1>\n                            <\/div>\n                            <div>\n                            <\/div>\n                        <\/div>\n                    <\/div>\n                <\/div>\n<\/div>\n<\/div>\n<\/div>\n\n\n\n<div class=\"wp-block-columns is-layout-flex wp-container-core-columns-is-layout-9d6595d7 wp-block-columns-is-layout-flex\">\n<div class=\"wp-block-column is-layout-flow wp-block-column-is-layout-flow\"><\/div>\n<\/div>\n\n\n\n<div class=\"wp-block-columns lmc-w90  lmc-jc is-layout-flex wp-container-core-columns-is-layout-9d6595d7 wp-block-columns-is-layout-flex\">\n<div class=\"wp-block-column is-layout-flow wp-block-column-is-layout-flow\"><\/div>\n<\/div>\n\n\n\n<div class=\"wp-block-group has-background is-vertical is-content-justification-center is-nowrap is-layout-flex wp-container-core-group-is-layout-fc169830 wp-block-group-is-layout-flex\" style=\"background-color:#ebebeb\">\n<div class=\"wp-block-columns lmc-w100 lmc-w90 is-layout-flex wp-container-core-columns-is-layout-9d6595d7 wp-block-columns-is-layout-flex\">\n<div class=\"wp-block-column lmc-w100 lmc-oh lmc-w90 is-layout-flow wp-block-column-is-layout-flow\" style=\"flex-basis:50%\">\n<div style=\"height:10px\" aria-hidden=\"true\" class=\"wp-block-spacer lmc-odstep mc_red_space lmc-w100\"><\/div>\n<\/div>\n\n\n\n<div class=\"wp-block-column is-layout-flow wp-block-column-is-layout-flow\" style=\"flex-basis:50%\"><\/div>\n<\/div>\n\n\n\n<div class=\"wp-block-columns lmc-w90 has-background is-layout-flex wp-container-core-columns-is-layout-9d6595d7 wp-block-columns-is-layout-flex\" style=\"background-color:#ebebeb\">\n<div class=\"wp-block-column lmc-w90 lmc-jc is-layout-flow wp-block-column-is-layout-flow\">\n<h2 class=\"wp-block-heading lmc-opis-title\">Independence Day Run \u2013 10 November 2024<\/h2>\n\n\n\n<p class=\"lmc-kontakt-opis\"><br>The past weekend was marked by the celebration of Independence Day. In the 7th edition of the Independence Day Run, held on November 10th at the Mielec Boulevards, 200 runners took on the challenge of two distances: 5 and 10 km. In addition to them, there were participants in nordic walking and a group of individuals with disabilities who took part in a 2 km run to celebrate Poland's regained independence.\nFirma Tarapata Sp. z o.o. proudly supports local initiatives and was happy to sponsor trophies for the winners of the event. The event was organized by the city of Mielec, MOSiR, and the Zabiegani Mielec group.<\/p>\n<\/div>\n<\/div>\n<\/div>\n\n\n\n<div style=\"height:120px\" aria-hidden=\"true\" class=\"wp-block-spacer lmc-odstep\"><\/div>\n\n\n\n<div class=\"wp-block-group is-vertical is-layout-flex wp-container-core-group-is-layout-8cf370e7 wp-block-group-is-layout-flex\">\n<div class=\"wp-block-columns lmc-w90 is-layout-flex wp-container-core-columns-is-layout-9d6595d7 wp-block-columns-is-layout-flex\">\n<div class=\"wp-block-column is-layout-flow wp-block-column-is-layout-flow\">\n<figure class=\"wp-block-image size-full\"><img loading=\"lazy\" decoding=\"async\" width=\"1024\" height=\"679\" src=\"https:\/\/tarapata.com\/wp-content\/uploads\/2025\/02\/0efc4b091e447ba796c81bc7c08798ed.jpeg\" alt=\"\" class=\"wp-image-355\" srcset=\"https:\/\/tarapata.com\/wp-content\/uploads\/2025\/02\/0efc4b091e447ba796c81bc7c08798ed.jpeg 1024w, https:\/\/tarapata.com\/wp-content\/uploads\/2025\/02\/0efc4b091e447ba796c81bc7c08798ed-300x199.jpeg 300w, https:\/\/tarapata.com\/wp-content\/uploads\/2025\/02\/0efc4b091e447ba796c81bc7c08798ed-768x509.jpeg 768w\" sizes=\"auto, (max-width: 1024px) 100vw, 1024px\" \/><\/figure>\n<\/div>\n\n\n\n<div class=\"wp-block-column is-layout-flow wp-block-column-is-layout-flow\">\n<figure class=\"wp-block-image size-full\"><img loading=\"lazy\" decoding=\"async\" width=\"1018\" height=\"671\" src=\"https:\/\/tarapata.com\/wp-content\/uploads\/2025\/02\/6829f1746a6cefa87cd4286938265916.jpeg\" alt=\"\" class=\"wp-image-356\" srcset=\"https:\/\/tarapata.com\/wp-content\/uploads\/2025\/02\/6829f1746a6cefa87cd4286938265916.jpeg 1018w, https:\/\/tarapata.com\/wp-content\/uploads\/2025\/02\/6829f1746a6cefa87cd4286938265916-300x198.jpeg 300w, https:\/\/tarapata.com\/wp-content\/uploads\/2025\/02\/6829f1746a6cefa87cd4286938265916-768x506.jpeg 768w\" sizes=\"auto, (max-width: 1018px) 100vw, 1018px\" \/><\/figure>\n<\/div>\n<\/div>\n<\/div>\n\n\n\n<div style=\"height:120px\" aria-hidden=\"true\" class=\"wp-block-spacer lmc-odstep\"><\/div>\n\n\n\n<div class=\"wp-block-columns lmc-w90  lmc-jc lmc-offer-show is-layout-flex wp-container-core-columns-is-layout-9d6595d7 wp-block-columns-is-layout-flex\">\n<div class=\"wp-block-column lmc-w90  lmc-jc lmc-offer-row is-layout-flow wp-block-column-is-layout-flow\" style=\"flex-basis:344px\">\n<figure class=\"wp-block-image size-full lmc-img-offer-descr\"><img loading=\"lazy\" decoding=\"async\" width=\"344\" height=\"254\" src=\"https:\/\/tarapata.com\/wp-content\/uploads\/2025\/02\/DSC_6453-2.png\" alt=\"\" class=\"wp-image-50\" style=\"object-fit:cover\" srcset=\"https:\/\/tarapata.com\/wp-content\/uploads\/2025\/02\/DSC_6453-2.png 344w, https:\/\/tarapata.com\/wp-content\/uploads\/2025\/02\/DSC_6453-2-300x222.png 300w\" sizes=\"auto, (max-width: 344px) 100vw, 344px\" \/><figcaption class=\"wp-element-caption\">Sheet metal forming<\/figcaption><\/figure>\n<\/div>\n\n\n\n<div class=\"wp-block-column lmc-w90  lmc-jc lmc-offer-row is-layout-flow wp-block-column-is-layout-flow\" style=\"flex-basis:344px\">\n<figure class=\"wp-block-image size-full lmc-img-offer-descr\"><img loading=\"lazy\" decoding=\"async\" width=\"344\" height=\"254\" src=\"https:\/\/tarapata.com\/wp-content\/uploads\/2025\/02\/Bez-nazwy-1_0001_DSCF8833-3.png\" alt=\"\" class=\"wp-image-47\" srcset=\"https:\/\/tarapata.com\/wp-content\/uploads\/2025\/02\/Bez-nazwy-1_0001_DSCF8833-3.png 344w, https:\/\/tarapata.com\/wp-content\/uploads\/2025\/02\/Bez-nazwy-1_0001_DSCF8833-3-300x222.png 300w\" sizes=\"auto, (max-width: 344px) 100vw, 344px\" \/><figcaption class=\"wp-element-caption\">Laser cutting<\/figcaption><\/figure>\n<\/div>\n\n\n\n<div class=\"wp-block-column lmc-w90  lmc-jc lmc-offer-row is-layout-flow wp-block-column-is-layout-flow\" style=\"flex-basis:344px\">\n<figure class=\"wp-block-image size-full lmc-img-offer-descr\"><img loading=\"lazy\" decoding=\"async\" width=\"344\" height=\"254\" src=\"https:\/\/tarapata.com\/wp-content\/uploads\/2025\/02\/DSC_7095r-2.png\" alt=\"\" class=\"wp-image-51\" srcset=\"https:\/\/tarapata.com\/wp-content\/uploads\/2025\/02\/DSC_7095r-2.png 344w, https:\/\/tarapata.com\/wp-content\/uploads\/2025\/02\/DSC_7095r-2-300x222.png 300w\" sizes=\"auto, (max-width: 344px) 100vw, 344px\" \/><figcaption class=\"wp-element-caption\">Steel bending<\/figcaption><\/figure>\n<\/div>\n\n\n\n<div class=\"wp-block-column lmc-w90  lmc-jc lmc-offer-row is-layout-flow wp-block-column-is-layout-flow\" style=\"flex-basis:344px\">\n<figure class=\"wp-block-image size-full lmc-img-offer-descr\"><img loading=\"lazy\" decoding=\"async\" width=\"344\" height=\"254\" src=\"https:\/\/tarapata.com\/wp-content\/uploads\/2025\/02\/DSC_6446-2.png\" alt=\"\" class=\"wp-image-49\" srcset=\"https:\/\/tarapata.com\/wp-content\/uploads\/2025\/02\/DSC_6446-2.png 344w, https:\/\/tarapata.com\/wp-content\/uploads\/2025\/02\/DSC_6446-2-300x222.png 300w\" sizes=\"auto, (max-width: 344px) 100vw, 344px\" \/><figcaption class=\"wp-element-caption\">Pipe bending<\/figcaption><\/figure>\n<\/div>\n<\/div>\n\n\n\n<div class=\"wp-block-columns lmc-w90  lmc-jc lmc-offer-show is-layout-flex wp-container-core-columns-is-layout-9d6595d7 wp-block-columns-is-layout-flex\">\n<div class=\"wp-block-column lmc-w90  lmc-jc lmc-offer-row is-layout-flow wp-block-column-is-layout-flow\" style=\"flex-basis:344px\">\n<figure class=\"wp-block-image size-full lmc-img-offer-descr\"><img loading=\"lazy\" decoding=\"async\" width=\"344\" height=\"254\" src=\"https:\/\/tarapata.com\/wp-content\/uploads\/2025\/02\/Tloczenie-na-goraco-1-2.png\" alt=\"\" class=\"wp-image-54\" srcset=\"https:\/\/tarapata.com\/wp-content\/uploads\/2025\/02\/Tloczenie-na-goraco-1-2.png 344w, https:\/\/tarapata.com\/wp-content\/uploads\/2025\/02\/Tloczenie-na-goraco-1-2-300x222.png 300w\" sizes=\"auto, (max-width: 344px) 100vw, 344px\" \/><figcaption class=\"wp-element-caption\">Hot stamping<\/figcaption><\/figure>\n<\/div>\n\n\n\n<div class=\"wp-block-column lmc-w90  lmc-jc lmc-offer-row is-layout-flow wp-block-column-is-layout-flow\" style=\"flex-basis:344px\">\n<figure class=\"wp-block-image size-full lmc-img-offer-descr\"><img loading=\"lazy\" decoding=\"async\" width=\"344\" height=\"254\" src=\"https:\/\/tarapata.com\/wp-content\/uploads\/2025\/02\/DSCF0112-2.png\" alt=\"\" class=\"wp-image-52\" srcset=\"https:\/\/tarapata.com\/wp-content\/uploads\/2025\/02\/DSCF0112-2.png 344w, https:\/\/tarapata.com\/wp-content\/uploads\/2025\/02\/DSCF0112-2-300x222.png 300w\" sizes=\"auto, (max-width: 344px) 100vw, 344px\" \/><figcaption class=\"wp-element-caption\">Welding<\/figcaption><\/figure>\n<\/div>\n\n\n\n<div class=\"wp-block-column lmc-w90  lmc-jc lmc-offer-row is-layout-flow wp-block-column-is-layout-flow\" style=\"flex-basis:344px\">\n<figure class=\"wp-block-image size-full lmc-img-offer-descr\"><img loading=\"lazy\" decoding=\"async\" width=\"344\" height=\"254\" src=\"https:\/\/tarapata.com\/wp-content\/uploads\/2025\/02\/IMG_9863-3.png\" alt=\"\" class=\"wp-image-53\" srcset=\"https:\/\/tarapata.com\/wp-content\/uploads\/2025\/02\/IMG_9863-3.png 344w, https:\/\/tarapata.com\/wp-content\/uploads\/2025\/02\/IMG_9863-3-300x222.png 300w\" sizes=\"auto, (max-width: 344px) 100vw, 344px\" \/><figcaption class=\"wp-element-caption\">Paint shop<\/figcaption><\/figure>\n<\/div>\n\n\n\n<div class=\"wp-block-column lmc-w90  lmc-jc lmc-offer-row is-layout-flow wp-block-column-is-layout-flow\" style=\"flex-basis:344px\">\n<figure class=\"wp-block-image size-full lmc-img-offer-descr\"><img loading=\"lazy\" decoding=\"async\" width=\"344\" height=\"254\" src=\"https:\/\/tarapata.com\/wp-content\/uploads\/2025\/02\/Biuro-projektowe-1jasniej-3.png\" alt=\"\" class=\"wp-image-48\" srcset=\"https:\/\/tarapata.com\/wp-content\/uploads\/2025\/02\/Biuro-projektowe-1jasniej-3.png 344w, https:\/\/tarapata.com\/wp-content\/uploads\/2025\/02\/Biuro-projektowe-1jasniej-3-300x222.png 300w\" sizes=\"auto, (max-width: 344px) 100vw, 344px\" \/><figcaption class=\"wp-element-caption\">Design office<\/figcaption><\/figure>\n<\/div>\n<\/div>","protected":false},"excerpt":{"rendered":"<p>VII Bieg Niepodleg\u0142o\u015bci Ubieg\u0142y weekend up\u0142yn\u0105\u0142 pod znakiem \u015awi\u0119ta Niepodleg\u0142o\u015bci. W tegorocznym, si\u00f3dmym ju\u017c z rz\u0119du, Biegu Niepodleg\u0142o\u015bci, kt\u00f3ry 10 listopada go\u015bci\u0142 na mieleckich Bulwarach, wzi\u0119\u0142o udzia\u0142 200 biegaczy, kt\u00f3rzy podj\u0119li si\u0119 wyzwania na dw\u00f3ch dystansach 5 i 10 km. Opr\u00f3cz nich wystartowali pasjonaci nordic walking oraz grupa os\u00f3b z niepe\u0142nosprawno\u015bciami na dystansie 2 km, [&hellip;]<\/p>\n","protected":false},"author":1,"featured_media":161,"parent":0,"menu_order":0,"comment_status":"closed","ping_status":"closed","template":"page-aktualnosci.php","meta":{"footnotes":""},"class_list":["post-159","page","type-page","status-publish","has-post-thumbnail","hentry"],"yoast_head":"<!-- This site is optimized with the Yoast SEO plugin v27.4 - https:\/\/yoast.com\/product\/yoast-seo-wordpress\/ -->\n<title>Aktualno\u015bci - Tarapata<\/title>\n<meta name=\"robots\" content=\"index, follow, max-snippet:-1, max-image-preview:large, max-video-preview:-1\" \/>\n<link rel=\"canonical\" href=\"https:\/\/tarapata.com\/en\/aktualnosci\/\" \/>\n<meta property=\"og:locale\" content=\"en_GB\" \/>\n<meta property=\"og:type\" content=\"article\" \/>\n<meta property=\"og:title\" content=\"Aktualno\u015bci - Tarapata\" \/>\n<meta property=\"og:description\" content=\"VII Bieg Niepodleg\u0142o\u015bci Ubieg\u0142y weekend up\u0142yn\u0105\u0142 pod znakiem \u015awi\u0119ta Niepodleg\u0142o\u015bci. W tegorocznym, si\u00f3dmym ju\u017c z rz\u0119du, Biegu Niepodleg\u0142o\u015bci, kt\u00f3ry 10 listopada go\u015bci\u0142 na mieleckich Bulwarach, wzi\u0119\u0142o udzia\u0142 200 biegaczy, kt\u00f3rzy podj\u0119li si\u0119 wyzwania na dw\u00f3ch dystansach 5 i 10 km. Opr\u00f3cz nich wystartowali pasjonaci nordic walking oraz grupa os\u00f3b z niepe\u0142nosprawno\u015bciami na dystansie 2 km, [&hellip;]\" \/>\n<meta property=\"og:url\" content=\"https:\/\/tarapata.com\/en\/aktualnosci\/\" \/>\n<meta property=\"og:site_name\" content=\"Tarapata\" \/>\n<meta property=\"article:publisher\" content=\"https:\/\/www.facebook.com\/people\/Firma-Tarapata\/100083356441442\/#\" \/>\n<meta property=\"article:modified_time\" content=\"2025-02-25T10:10:26+00:00\" \/>\n<meta property=\"og:image\" content=\"https:\/\/tarapata.com\/wp-content\/uploads\/2025\/02\/763746fac60ff7884ef2df488a8f9ff5-scaled.jpeg\" \/>\n\t<meta property=\"og:image:width\" content=\"2560\" \/>\n\t<meta property=\"og:image:height\" content=\"2018\" \/>\n\t<meta property=\"og:image:type\" content=\"image\/jpeg\" \/>\n<meta name=\"twitter:card\" content=\"summary_large_image\" \/>\n<meta name=\"twitter:label1\" content=\"Estimated reading time\" \/>\n\t<meta name=\"twitter:data1\" content=\"1 minute\" \/>\n<script type=\"application\/ld+json\" class=\"yoast-schema-graph\">{\"@context\":\"https:\\\/\\\/schema.org\",\"@graph\":[{\"@type\":\"WebPage\",\"@id\":\"https:\\\/\\\/tarapata.com\\\/de\\\/aktualnosci\\\/\",\"url\":\"https:\\\/\\\/tarapata.com\\\/de\\\/aktualnosci\\\/\",\"name\":\"Aktualno\u015bci - Tarapata\",\"isPartOf\":{\"@id\":\"https:\\\/\\\/tarapata.com\\\/#website\"},\"primaryImageOfPage\":{\"@id\":\"https:\\\/\\\/tarapata.com\\\/de\\\/aktualnosci\\\/#primaryimage\"},\"image\":{\"@id\":\"https:\\\/\\\/tarapata.com\\\/de\\\/aktualnosci\\\/#primaryimage\"},\"thumbnailUrl\":\"https:\\\/\\\/tarapata.com\\\/wp-content\\\/uploads\\\/2025\\\/02\\\/763746fac60ff7884ef2df488a8f9ff5-scaled.jpeg\",\"datePublished\":\"2025-02-14T07:41:49+00:00\",\"dateModified\":\"2025-02-25T10:10:26+00:00\",\"breadcrumb\":{\"@id\":\"https:\\\/\\\/tarapata.com\\\/de\\\/aktualnosci\\\/#breadcrumb\"},\"inLanguage\":\"en-GB\",\"potentialAction\":[{\"@type\":\"ReadAction\",\"target\":[\"https:\\\/\\\/tarapata.com\\\/de\\\/aktualnosci\\\/\"]}]},{\"@type\":\"ImageObject\",\"inLanguage\":\"en-GB\",\"@id\":\"https:\\\/\\\/tarapata.com\\\/de\\\/aktualnosci\\\/#primaryimage\",\"url\":\"https:\\\/\\\/tarapata.com\\\/wp-content\\\/uploads\\\/2025\\\/02\\\/763746fac60ff7884ef2df488a8f9ff5-scaled.jpeg\",\"contentUrl\":\"https:\\\/\\\/tarapata.com\\\/wp-content\\\/uploads\\\/2025\\\/02\\\/763746fac60ff7884ef2df488a8f9ff5-scaled.jpeg\",\"width\":2560,\"height\":2018},{\"@type\":\"BreadcrumbList\",\"@id\":\"https:\\\/\\\/tarapata.com\\\/de\\\/aktualnosci\\\/#breadcrumb\",\"itemListElement\":[{\"@type\":\"ListItem\",\"position\":1,\"name\":\"Strona g\u0142\u00f3wna\",\"item\":\"https:\\\/\\\/tarapata.com\\\/\"},{\"@type\":\"ListItem\",\"position\":2,\"name\":\"Aktualno\u015bci\"}]},{\"@type\":\"WebSite\",\"@id\":\"https:\\\/\\\/tarapata.com\\\/#website\",\"url\":\"https:\\\/\\\/tarapata.com\\\/\",\"name\":\"Firma Tarapata Sp. z o.o\",\"description\":\"Od 2002 roku Firma Tarapata Sp. z o.o. oferuje kompleksowe us\u0142ugi z zakresu obr\u00f3bki stali i specjalizuje si\u0119 w produkcji cz\u0119\u015bci dla r\u00f3\u017cnych ga\u0142\u0119zi przemys\u0142u\",\"publisher\":{\"@id\":\"https:\\\/\\\/tarapata.com\\\/#organization\"},\"potentialAction\":[{\"@type\":\"SearchAction\",\"target\":{\"@type\":\"EntryPoint\",\"urlTemplate\":\"https:\\\/\\\/tarapata.com\\\/?s={search_term_string}\"},\"query-input\":{\"@type\":\"PropertyValueSpecification\",\"valueRequired\":true,\"valueName\":\"search_term_string\"}}],\"inLanguage\":\"en-GB\"},{\"@type\":\"Organization\",\"@id\":\"https:\\\/\\\/tarapata.com\\\/#organization\",\"name\":\"Firma Tarapata Sp. z o.o\",\"url\":\"https:\\\/\\\/tarapata.com\\\/\",\"logo\":{\"@type\":\"ImageObject\",\"inLanguage\":\"en-GB\",\"@id\":\"https:\\\/\\\/tarapata.com\\\/#\\\/schema\\\/logo\\\/image\\\/\",\"url\":\"https:\\\/\\\/tarapata.com\\\/wp-content\\\/uploads\\\/2025\\\/04\\\/favicon.jpg\",\"contentUrl\":\"https:\\\/\\\/tarapata.com\\\/wp-content\\\/uploads\\\/2025\\\/04\\\/favicon.jpg\",\"width\":128,\"height\":115,\"caption\":\"Firma Tarapata Sp. z o.o\"},\"image\":{\"@id\":\"https:\\\/\\\/tarapata.com\\\/#\\\/schema\\\/logo\\\/image\\\/\"},\"sameAs\":[\"https:\\\/\\\/www.facebook.com\\\/people\\\/Firma-Tarapata\\\/100083356441442\\\/#\",\"https:\\\/\\\/www.instagram.com\\\/firmatarapata\\\/\",\"https:\\\/\\\/www.youtube.com\\\/@ciecielaserem\",\"https:\\\/\\\/pl.linkedin.com\\\/company\\\/firmatarapata\",\"https:\\\/\\\/www.tiktok.com\\\/@firmatarapata\"]}]}<\/script>\n<!-- \/ Yoast SEO plugin. -->","yoast_head_json":{"title":"Aktualno\u015bci - Tarapata","robots":{"index":"index","follow":"follow","max-snippet":"max-snippet:-1","max-image-preview":"max-image-preview:large","max-video-preview":"max-video-preview:-1"},"canonical":"https:\/\/tarapata.com\/en\/aktualnosci\/","og_locale":"en_GB","og_type":"article","og_title":"Aktualno\u015bci - Tarapata","og_description":"VII Bieg Niepodleg\u0142o\u015bci Ubieg\u0142y weekend up\u0142yn\u0105\u0142 pod znakiem \u015awi\u0119ta Niepodleg\u0142o\u015bci. W tegorocznym, si\u00f3dmym ju\u017c z rz\u0119du, Biegu Niepodleg\u0142o\u015bci, kt\u00f3ry 10 listopada go\u015bci\u0142 na mieleckich Bulwarach, wzi\u0119\u0142o udzia\u0142 200 biegaczy, kt\u00f3rzy podj\u0119li si\u0119 wyzwania na dw\u00f3ch dystansach 5 i 10 km. Opr\u00f3cz nich wystartowali pasjonaci nordic walking oraz grupa os\u00f3b z niepe\u0142nosprawno\u015bciami na dystansie 2 km, [&hellip;]","og_url":"https:\/\/tarapata.com\/en\/aktualnosci\/","og_site_name":"Tarapata","article_publisher":"https:\/\/www.facebook.com\/people\/Firma-Tarapata\/100083356441442\/#","article_modified_time":"2025-02-25T10:10:26+00:00","og_image":[{"width":2560,"height":2018,"url":"https:\/\/tarapata.com\/wp-content\/uploads\/2025\/02\/763746fac60ff7884ef2df488a8f9ff5-scaled.jpeg","type":"image\/jpeg"}],"twitter_card":"summary_large_image","twitter_misc":{"Estimated reading time":"1 minute"},"schema":{"@context":"https:\/\/schema.org","@graph":[{"@type":"WebPage","@id":"https:\/\/tarapata.com\/de\/aktualnosci\/","url":"https:\/\/tarapata.com\/de\/aktualnosci\/","name":"Aktualno\u015bci - Tarapata","isPartOf":{"@id":"https:\/\/tarapata.com\/#website"},"primaryImageOfPage":{"@id":"https:\/\/tarapata.com\/de\/aktualnosci\/#primaryimage"},"image":{"@id":"https:\/\/tarapata.com\/de\/aktualnosci\/#primaryimage"},"thumbnailUrl":"https:\/\/tarapata.com\/wp-content\/uploads\/2025\/02\/763746fac60ff7884ef2df488a8f9ff5-scaled.jpeg","datePublished":"2025-02-14T07:41:49+00:00","dateModified":"2025-02-25T10:10:26+00:00","breadcrumb":{"@id":"https:\/\/tarapata.com\/de\/aktualnosci\/#breadcrumb"},"inLanguage":"en-GB","potentialAction":[{"@type":"ReadAction","target":["https:\/\/tarapata.com\/de\/aktualnosci\/"]}]},{"@type":"ImageObject","inLanguage":"en-GB","@id":"https:\/\/tarapata.com\/de\/aktualnosci\/#primaryimage","url":"https:\/\/tarapata.com\/wp-content\/uploads\/2025\/02\/763746fac60ff7884ef2df488a8f9ff5-scaled.jpeg","contentUrl":"https:\/\/tarapata.com\/wp-content\/uploads\/2025\/02\/763746fac60ff7884ef2df488a8f9ff5-scaled.jpeg","width":2560,"height":2018},{"@type":"BreadcrumbList","@id":"https:\/\/tarapata.com\/de\/aktualnosci\/#breadcrumb","itemListElement":[{"@type":"ListItem","position":1,"name":"Strona g\u0142\u00f3wna","item":"https:\/\/tarapata.com\/"},{"@type":"ListItem","position":2,"name":"Aktualno\u015bci"}]},{"@type":"WebSite","@id":"https:\/\/tarapata.com\/#website","url":"https:\/\/tarapata.com\/","name":"Firma Tarapata Sp. z o.o","description":"Od 2002 roku Firma Tarapata Sp. z o.o. oferuje kompleksowe us\u0142ugi z zakresu obr\u00f3bki stali i specjalizuje si\u0119 w produkcji cz\u0119\u015bci dla r\u00f3\u017cnych ga\u0142\u0119zi przemys\u0142u","publisher":{"@id":"https:\/\/tarapata.com\/#organization"},"potentialAction":[{"@type":"SearchAction","target":{"@type":"EntryPoint","urlTemplate":"https:\/\/tarapata.com\/?s={search_term_string}"},"query-input":{"@type":"PropertyValueSpecification","valueRequired":true,"valueName":"search_term_string"}}],"inLanguage":"en-GB"},{"@type":"Organization","@id":"https:\/\/tarapata.com\/#organization","name":"Firma Tarapata Sp. z o.o","url":"https:\/\/tarapata.com\/","logo":{"@type":"ImageObject","inLanguage":"en-GB","@id":"https:\/\/tarapata.com\/#\/schema\/logo\/image\/","url":"https:\/\/tarapata.com\/wp-content\/uploads\/2025\/04\/favicon.jpg","contentUrl":"https:\/\/tarapata.com\/wp-content\/uploads\/2025\/04\/favicon.jpg","width":128,"height":115,"caption":"Firma Tarapata Sp. z o.o"},"image":{"@id":"https:\/\/tarapata.com\/#\/schema\/logo\/image\/"},"sameAs":["https:\/\/www.facebook.com\/people\/Firma-Tarapata\/100083356441442\/#","https:\/\/www.instagram.com\/firmatarapata\/","https:\/\/www.youtube.com\/@ciecielaserem","https:\/\/pl.linkedin.com\/company\/firmatarapata","https:\/\/www.tiktok.com\/@firmatarapata"]}]}},"_links":{"self":[{"href":"https:\/\/tarapata.com\/en\/wp-json\/wp\/v2\/pages\/159","targetHints":{"allow":["GET"]}}],"collection":[{"href":"https:\/\/tarapata.com\/en\/wp-json\/wp\/v2\/pages"}],"about":[{"href":"https:\/\/tarapata.com\/en\/wp-json\/wp\/v2\/types\/page"}],"author":[{"embeddable":true,"href":"https:\/\/tarapata.com\/en\/wp-json\/wp\/v2\/users\/1"}],"replies":[{"embeddable":true,"href":"https:\/\/tarapata.com\/en\/wp-json\/wp\/v2\/comments?post=159"}],"version-history":[{"count":26,"href":"https:\/\/tarapata.com\/en\/wp-json\/wp\/v2\/pages\/159\/revisions"}],"predecessor-version":[{"id":358,"href":"https:\/\/tarapata.com\/en\/wp-json\/wp\/v2\/pages\/159\/revisions\/358"}],"wp:featuredmedia":[{"embeddable":true,"href":"https:\/\/tarapata.com\/en\/wp-json\/wp\/v2\/media\/161"}],"wp:attachment":[{"href":"https:\/\/tarapata.com\/en\/wp-json\/wp\/v2\/media?parent=159"}],"curies":[{"name":"wp","href":"https:\/\/api.w.org\/{rel}","templated":true}]}}